{"id":8812,"date":"2020-06-10T11:26:23","date_gmt":"2020-06-10T09:26:23","guid":{"rendered":"https:\/\/www.canplanells.com\/info-covid\/"},"modified":"2020-09-07T11:43:52","modified_gmt":"2020-09-07T09:43:52","slug":"info-covid","status":"publish","type":"page","link":"https:\/\/www.canplanells.com\/ca\/info-covid\/","title":{"rendered":"Info Covid"},"content":{"rendered":"[vc_row type=&#8221;in_container&#8221; full_screen_row_position=&#8221;middle&#8221; column_margin=&#8221;default&#8221; scene_position=&#8221;center&#8221; text_color=&#8221;dark&#8221; text_align=&#8221;left&#8221; overlay_strength=&#8221;0.3&#8243; shape_divider_position=&#8221;bottom&#8221; bg_image_animation=&#8221;none&#8221;][vc_column column_padding=&#8221;no-extra-padding&#8221; column_padding_position=&#8221;all&#8221; background_color_opacity=&#8221;1&#8243; background_hover_color_opacity=&#8221;1&#8243; column_link_target=&#8221;_self&#8221; column_shadow=&#8221;none&#8221; column_border_radius=&#8221;none&#8221; width=&#8221;1\/1&#8243; tablet_width_inherit=&#8221;default&#8221; tablet_text_alignment=&#8221;default&#8221; phone_text_alignment=&#8221;default&#8221; overlay_strength=&#8221;0.3&#8243; column_border_width=&#8221;none&#8221; column_border_style=&#8221;solid&#8221; bg_image_animation=&#8221;none&#8221;][vc_row_inner column_margin=&#8221;default&#8221; text_align=&#8221;left&#8221;][vc_column_inner column_padding=&#8221;no-extra-padding&#8221; column_padding_position=&#8221;all&#8221; background_color_opacity=&#8221;1&#8243; background_hover_color_opacity=&#8221;1&#8243; column_shadow=&#8221;none&#8221; column_border_radius=&#8221;none&#8221; column_link_target=&#8221;_self&#8221; width=&#8221;1\/1&#8243; tablet_width_inherit=&#8221;default&#8221; overlay_strength=&#8221;0.3&#8243; column_border_width=&#8221;none&#8221; column_border_style=&#8221;solid&#8221; bg_image_animation=&#8221;none&#8221;][vc_custom_heading source=&#8221;post_title&#8221; use_theme_fonts=&#8221;yes&#8221;][\/vc_column_inner][\/vc_row_inner][vc_column_text]Treballarem en seguretat sanit\u00e0ria tant per als nostres clients com per a treballadors aix\u00ed com en la higiene i desinfecci\u00f3 di\u00e0ria de l&#8217;hotel:<\/p>\n<ul>\n<li><strong>Manteniment de dist\u00e0ncies<\/strong> en les zones comunes com en la piscina i l&#8217;\u00e0rea de desdejuni (el desdejuni ser\u00e0 a la carta)<\/li>\n<li><strong>Protecci\u00f3 dels nostres treballadors<\/strong> amb material i equipaments seguint sempre les normes i consells de les autoritats sanit\u00e0ries i a m\u00e9s subministrarem material higi\u00e8nic i de protecci\u00f3 als nostres clients.<\/li>\n<li><strong>Assegui&#8217;t com a casa:<\/strong> Petit agroturisme d&#8217;ambient familiar situat als afores del poble de Sant Miquel de Balansat.<\/li>\n<li><strong>No tinguis presses:<\/strong> Desdejuna amb productes de la nostra finca, casolans i elaborats en l&#8217;agroturisme.<\/li>\n<li><strong>Teletreballa i connecta&#8217;t des del camp:<\/strong> Bona connexi\u00f3 wifi i molta tranquil\u00b7litat.<\/li>\n<li><strong>Ubicaci\u00f3 privilegiada:<\/strong> Pr\u00f2xim a petites cales i platges del nord d&#8217;Eivissa.<\/li>\n<\/ul>\n[\/vc_column_text][\/vc_column][\/vc_row]\n","protected":false},"excerpt":{"rendered":"<p>[vc_row type=&#8221;in_container&#8221; full_screen_row_position=&#8221;middle&#8221; column_margin=&#8221;default&#8221; scene_position=&#8221;center&#8221; text_color=&#8221;dark&#8221; text_align=&#8221;left&#8221; overlay_strength=&#8221;0.3&#8243; shape_divider_position=&#8221;bottom&#8221; bg_image_animation=&#8221;none&#8221;][vc_column column_padding=&#8221;no-extra-padding&#8221; column_padding_position=&#8221;all&#8221; background_color_opacity=&#8221;1&#8243; background_hover_color_opacity=&#8221;1&#8243; column_link_target=&#8221;_self&#8221; column_shadow=&#8221;none&#8221; column_border_radius=&#8221;none&#8221; width=&#8221;1\/1&#8243; tablet_width_inherit=&#8221;default&#8221; tablet_text_alignment=&#8221;default&#8221; phone_text_alignment=&#8221;default&#8221; overlay_strength=&#8221;0.3&#8243; column_border_width=&#8221;none&#8221; column_border_style=&#8221;solid&#8221; bg_image_animation=&#8221;none&#8221;][vc_row_inner column_margin=&#8221;default&#8221; text_align=&#8221;left&#8221;][vc_column_inner column_padding=&#8221;no-extra-padding&#8221; column_padding_position=&#8221;all&#8221; background_color_opacity=&#8221;1&#8243;&#8230;<\/p>\n","protected":false},"author":1,"featured_media":0,"parent":0,"menu_order":0,"comment_status":"closed","ping_status":"closed","template":"","meta":{"footnotes":""},"class_list":["post-8812","page","type-page","status-publish"],"yoast_head":"<!-- This site is optimized with the Yoast SEO plugin v26.3 - https:\/\/yoast.com\/wordpress\/plugins\/seo\/ -->\n<title>Info Covid - Can Planells<\/title>\n<meta name=\"robots\" content=\"index, follow, max-snippet:-1, max-image-preview:large, max-video-preview:-1\" \/>\n<link rel=\"canonical\" href=\"https:\/\/www.canplanells.com\/ca\/info-covid\/\" \/>\n<meta property=\"og:locale\" content=\"ca_ES\" \/>\n<meta property=\"og:type\" content=\"article\" \/>\n<meta property=\"og:title\" content=\"Info Covid - Can Planells\" \/>\n<meta property=\"og:description\" content=\"[vc_row type=&#8221;in_container&#8221; full_screen_row_position=&#8221;middle&#8221; column_margin=&#8221;default&#8221; scene_position=&#8221;center&#8221; text_color=&#8221;dark&#8221; text_align=&#8221;left&#8221; overlay_strength=&#8221;0.3&#8243; shape_divider_position=&#8221;bottom&#8221; bg_image_animation=&#8221;none&#8221;][vc_column column_padding=&#8221;no-extra-padding&#8221; column_padding_position=&#8221;all&#8221; background_color_opacity=&#8221;1&#8243; background_hover_color_opacity=&#8221;1&#8243; column_link_target=&#8221;_self&#8221; column_shadow=&#8221;none&#8221; column_border_radius=&#8221;none&#8221; width=&#8221;1\/1&#8243; tablet_width_inherit=&#8221;default&#8221; tablet_text_alignment=&#8221;default&#8221; phone_text_alignment=&#8221;default&#8221; overlay_strength=&#8221;0.3&#8243; column_border_width=&#8221;none&#8221; column_border_style=&#8221;solid&#8221; bg_image_animation=&#8221;none&#8221;][vc_row_inner column_margin=&#8221;default&#8221; text_align=&#8221;left&#8221;][vc_column_inner column_padding=&#8221;no-extra-padding&#8221; column_padding_position=&#8221;all&#8221; background_color_opacity=&#8221;1&#8243;...\" \/>\n<meta property=\"og:url\" content=\"https:\/\/www.canplanells.com\/ca\/info-covid\/\" \/>\n<meta property=\"og:site_name\" content=\"Can Planells\" \/>\n<meta property=\"article:publisher\" content=\"https:\/\/www.facebook.com\/canplanells\" \/>\n<meta property=\"article:modified_time\" content=\"2020-09-07T09:43:52+00:00\" \/>\n<meta name=\"twitter:card\" content=\"summary_large_image\" \/>\n<meta name=\"twitter:label1\" content=\"Temps estimat de lectura\" \/>\n\t<meta name=\"twitter:data1\" content=\"2 minuts\" \/>\n<script type=\"application\/ld+json\" class=\"yoast-schema-graph\">{\"@context\":\"https:\/\/schema.org\",\"@graph\":[{\"@type\":\"WebPage\",\"@id\":\"https:\/\/www.canplanells.com\/ca\/info-covid\/\",\"url\":\"https:\/\/www.canplanells.com\/ca\/info-covid\/\",\"name\":\"Info Covid - Can Planells\",\"isPartOf\":{\"@id\":\"https:\/\/www.canplanells.com\/ca\/#website\"},\"datePublished\":\"2020-06-10T09:26:23+00:00\",\"dateModified\":\"2020-09-07T09:43:52+00:00\",\"breadcrumb\":{\"@id\":\"https:\/\/www.canplanells.com\/ca\/info-covid\/#breadcrumb\"},\"inLanguage\":\"ca\",\"potentialAction\":[{\"@type\":\"ReadAction\",\"target\":[\"https:\/\/www.canplanells.com\/ca\/info-covid\/\"]}]},{\"@type\":\"BreadcrumbList\",\"@id\":\"https:\/\/www.canplanells.com\/ca\/info-covid\/#breadcrumb\",\"itemListElement\":[{\"@type\":\"ListItem\",\"position\":1,\"name\":\"Portada\",\"item\":\"https:\/\/www.canplanells.com\/ca\/home\/\"},{\"@type\":\"ListItem\",\"position\":2,\"name\":\"Info Covid\"}]},{\"@type\":\"WebSite\",\"@id\":\"https:\/\/www.canplanells.com\/ca\/#website\",\"url\":\"https:\/\/www.canplanells.com\/ca\/\",\"name\":\"Can Planells\",\"description\":\"Agroturismo en Ibiza\",\"publisher\":{\"@id\":\"https:\/\/www.canplanells.com\/ca\/#organization\"},\"potentialAction\":[{\"@type\":\"SearchAction\",\"target\":{\"@type\":\"EntryPoint\",\"urlTemplate\":\"https:\/\/www.canplanells.com\/ca\/?s={search_term_string}\"},\"query-input\":{\"@type\":\"PropertyValueSpecification\",\"valueRequired\":true,\"valueName\":\"search_term_string\"}}],\"inLanguage\":\"ca\"},{\"@type\":\"Organization\",\"@id\":\"https:\/\/www.canplanells.com\/ca\/#organization\",\"name\":\"Can Planells\",\"url\":\"https:\/\/www.canplanells.com\/ca\/\",\"logo\":{\"@type\":\"ImageObject\",\"inLanguage\":\"ca\",\"@id\":\"https:\/\/www.canplanells.com\/ca\/#\/schema\/logo\/image\/\",\"url\":\"https:\/\/www.canplanells.com\/wp-content\/uploads\/2020\/04\/logo-can-planells.svg\",\"contentUrl\":\"https:\/\/www.canplanells.com\/wp-content\/uploads\/2020\/04\/logo-can-planells.svg\",\"width\":1,\"height\":1,\"caption\":\"Can Planells\"},\"image\":{\"@id\":\"https:\/\/www.canplanells.com\/ca\/#\/schema\/logo\/image\/\"},\"sameAs\":[\"https:\/\/www.facebook.com\/canplanells\",\"https:\/\/www.instagram.com\/canplanells\/\/\"]}]}<\/script>\n<!-- \/ Yoast SEO plugin. -->","yoast_head_json":{"title":"Info Covid - Can Planells","robots":{"index":"index","follow":"follow","max-snippet":"max-snippet:-1","max-image-preview":"max-image-preview:large","max-video-preview":"max-video-preview:-1"},"canonical":"https:\/\/www.canplanells.com\/ca\/info-covid\/","og_locale":"ca_ES","og_type":"article","og_title":"Info Covid - Can Planells","og_description":"[vc_row type=&#8221;in_container&#8221; full_screen_row_position=&#8221;middle&#8221; column_margin=&#8221;default&#8221; scene_position=&#8221;center&#8221; text_color=&#8221;dark&#8221; text_align=&#8221;left&#8221; overlay_strength=&#8221;0.3&#8243; shape_divider_position=&#8221;bottom&#8221; bg_image_animation=&#8221;none&#8221;][vc_column column_padding=&#8221;no-extra-padding&#8221; column_padding_position=&#8221;all&#8221; background_color_opacity=&#8221;1&#8243; background_hover_color_opacity=&#8221;1&#8243; column_link_target=&#8221;_self&#8221; column_shadow=&#8221;none&#8221; column_border_radius=&#8221;none&#8221; width=&#8221;1\/1&#8243; tablet_width_inherit=&#8221;default&#8221; tablet_text_alignment=&#8221;default&#8221; phone_text_alignment=&#8221;default&#8221; overlay_strength=&#8221;0.3&#8243; column_border_width=&#8221;none&#8221; column_border_style=&#8221;solid&#8221; bg_image_animation=&#8221;none&#8221;][vc_row_inner column_margin=&#8221;default&#8221; text_align=&#8221;left&#8221;][vc_column_inner column_padding=&#8221;no-extra-padding&#8221; column_padding_position=&#8221;all&#8221; background_color_opacity=&#8221;1&#8243;...","og_url":"https:\/\/www.canplanells.com\/ca\/info-covid\/","og_site_name":"Can Planells","article_publisher":"https:\/\/www.facebook.com\/canplanells","article_modified_time":"2020-09-07T09:43:52+00:00","twitter_card":"summary_large_image","twitter_misc":{"Temps estimat de lectura":"2 minuts"},"schema":{"@context":"https:\/\/schema.org","@graph":[{"@type":"WebPage","@id":"https:\/\/www.canplanells.com\/ca\/info-covid\/","url":"https:\/\/www.canplanells.com\/ca\/info-covid\/","name":"Info Covid - Can Planells","isPartOf":{"@id":"https:\/\/www.canplanells.com\/ca\/#website"},"datePublished":"2020-06-10T09:26:23+00:00","dateModified":"2020-09-07T09:43:52+00:00","breadcrumb":{"@id":"https:\/\/www.canplanells.com\/ca\/info-covid\/#breadcrumb"},"inLanguage":"ca","potentialAction":[{"@type":"ReadAction","target":["https:\/\/www.canplanells.com\/ca\/info-covid\/"]}]},{"@type":"BreadcrumbList","@id":"https:\/\/www.canplanells.com\/ca\/info-covid\/#breadcrumb","itemListElement":[{"@type":"ListItem","position":1,"name":"Portada","item":"https:\/\/www.canplanells.com\/ca\/home\/"},{"@type":"ListItem","position":2,"name":"Info Covid"}]},{"@type":"WebSite","@id":"https:\/\/www.canplanells.com\/ca\/#website","url":"https:\/\/www.canplanells.com\/ca\/","name":"Can Planells","description":"Agroturismo en Ibiza","publisher":{"@id":"https:\/\/www.canplanells.com\/ca\/#organization"},"potentialAction":[{"@type":"SearchAction","target":{"@type":"EntryPoint","urlTemplate":"https:\/\/www.canplanells.com\/ca\/?s={search_term_string}"},"query-input":{"@type":"PropertyValueSpecification","valueRequired":true,"valueName":"search_term_string"}}],"inLanguage":"ca"},{"@type":"Organization","@id":"https:\/\/www.canplanells.com\/ca\/#organization","name":"Can Planells","url":"https:\/\/www.canplanells.com\/ca\/","logo":{"@type":"ImageObject","inLanguage":"ca","@id":"https:\/\/www.canplanells.com\/ca\/#\/schema\/logo\/image\/","url":"https:\/\/www.canplanells.com\/wp-content\/uploads\/2020\/04\/logo-can-planells.svg","contentUrl":"https:\/\/www.canplanells.com\/wp-content\/uploads\/2020\/04\/logo-can-planells.svg","width":1,"height":1,"caption":"Can Planells"},"image":{"@id":"https:\/\/www.canplanells.com\/ca\/#\/schema\/logo\/image\/"},"sameAs":["https:\/\/www.facebook.com\/canplanells","https:\/\/www.instagram.com\/canplanells\/\/"]}]}},"_links":{"self":[{"href":"https:\/\/www.canplanells.com\/ca\/wp-json\/wp\/v2\/pages\/8812","targetHints":{"allow":["GET"]}}],"collection":[{"href":"https:\/\/www.canplanells.com\/ca\/wp-json\/wp\/v2\/pages"}],"about":[{"href":"https:\/\/www.canplanells.com\/ca\/wp-json\/wp\/v2\/types\/page"}],"author":[{"embeddable":true,"href":"https:\/\/www.canplanells.com\/ca\/wp-json\/wp\/v2\/users\/1"}],"replies":[{"embeddable":true,"href":"https:\/\/www.canplanells.com\/ca\/wp-json\/wp\/v2\/comments?post=8812"}],"version-history":[{"count":1,"href":"https:\/\/www.canplanells.com\/ca\/wp-json\/wp\/v2\/pages\/8812\/revisions"}],"predecessor-version":[{"id":8813,"href":"https:\/\/www.canplanells.com\/ca\/wp-json\/wp\/v2\/pages\/8812\/revisions\/8813"}],"wp:attachment":[{"href":"https:\/\/www.canplanells.com\/ca\/wp-json\/wp\/v2\/media?parent=8812"}],"curies":[{"name":"wp","href":"https:\/\/api.w.org\/{rel}","templated":true}]}}