{"id":8788,"date":"2020-06-10T12:50:19","date_gmt":"2020-06-10T10:50:19","guid":{"rendered":"https:\/\/www.canplanells.com\/experiencies\/yoga-y-masajes-bajo-los-limoneros\/"},"modified":"2020-09-07T11:40:30","modified_gmt":"2020-09-07T09:40:30","slug":"ioga-i-massatges-sota-els-llimoners","status":"publish","type":"page","link":"https:\/\/www.canplanells.com\/ca\/experiencies\/ioga-i-massatges-sota-els-llimoners\/","title":{"rendered":"Ioga i massatges sota els llimoners"},"content":{"rendered":"[vc_row type=&#8221;full_width_content&#8221; full_screen_row_position=&#8221;middle&#8221; equal_height=&#8221;yes&#8221; content_placement=&#8221;middle&#8221; column_margin=&#8221;default&#8221; full_height=&#8221;yes&#8221; columns_placement=&#8221;stretch&#8221; bg_color=&#8221;#e7e5d8&#8243; scene_position=&#8221;center&#8221; text_color=&#8221;light&#8221; text_align=&#8221;left&#8221; overlay_strength=&#8221;0.3&#8243; shape_divider_position=&#8221;bottom&#8221; bg_image_animation=&#8221;none&#8221; shape_type=&#8221;&#8221;][vc_column column_padding=&#8221;padding-10-percent&#8221; column_padding_position=&#8221;all&#8221; background_color_opacity=&#8221;1&#8243; background_hover_color_opacity=&#8221;1&#8243; column_link_target=&#8221;_self&#8221; column_shadow=&#8221;none&#8221; column_border_radius=&#8221;none&#8221; width=&#8221;1\/2&#8243; tablet_width_inherit=&#8221;default&#8221; tablet_text_alignment=&#8221;default&#8221; phone_text_alignment=&#8221;default&#8221; overlay_strength=&#8221;0.3&#8243; column_border_width=&#8221;none&#8221; column_border_style=&#8221;solid&#8221; bg_image_animation=&#8221;none&#8221;][vc_custom_heading source=&#8221;post_title&#8221; font_container=&#8221;tag:h2|font_size:40|text_align:left|color:%23454545|line_height:50px&#8221; use_theme_fonts=&#8221;yes&#8221;][vc_column_text css=&#8221;.vc_custom_1599471614448{margin-top: 30px !important;margin-bottom: 30px !important;}&#8221;]El nostre agroturisme ofereix als hostes que ho desitgin la possibilitat de gaudir de <strong>classes particulars de ioga<\/strong> a la piscina, al jard\u00ed o sota els tarongers i llimoners, amb la vall com a tel\u00f3 de fons. Tamb\u00e9 es poden contractar sessions especials de massatge, que tenen lloc a la fresca de la figuera propera a la piscina.<\/p>\n<p>Aquestes activitats de salut i benestar poden organitzar-se segons les necessitats de cada hoste. Es poden complementar, a m\u00e9s, amb excursions a peu pels voltants i descobrir aix\u00ed l&#8217;extraordin\u00e0ria natura que ens envolta. Entre els seus enclavaments m\u00e9s ins\u00f2lits, es <strong>Pi d&#8217;en Besora<\/strong>, el pi pinyoner m\u00e9s gros de l&#8217;illa, arbre protegit i amb curioses propietats segons la gent gran, al qual cal abra\u00e7ar.<br \/>\n[\/vc_column_text][vc_column_text css=&#8221;.vc_custom_1599471628358{margin-top: 100px !important;margin-bottom: 20px !important;}&#8221;]\n<p style=\"text-align: left;\"><a href=\"https:\/\/www.canplanells.com\/ca\/experiencies\">Tornar a totes les experi\u00e8ncies<\/a><\/p>\n[\/vc_column_text][\/vc_column][vc_column column_padding=&#8221;no-extra-padding&#8221; column_padding_position=&#8221;all&#8221; background_color_opacity=&#8221;1&#8243; background_hover_color_opacity=&#8221;1&#8243; background_image=&#8221;4757&#8243; enable_bg_scale=&#8221;true&#8221; column_link_target=&#8221;_self&#8221; column_shadow=&#8221;none&#8221; column_border_radius=&#8221;none&#8221; el_class=&#8221;bexpe&#8221; width=&#8221;1\/2&#8243; tablet_width_inherit=&#8221;default&#8221; tablet_text_alignment=&#8221;default&#8221; phone_text_alignment=&#8221;default&#8221; overlay_strength=&#8221;0.3&#8243; column_border_width=&#8221;none&#8221; column_border_style=&#8221;solid&#8221; bg_image_animation=&#8221;none&#8221; enable_animation=&#8221;true&#8221; animation=&#8221;fade-in-from-left&#8221; delay=&#8221;300&#8243;][\/vc_column][\/vc_row][vc_row type=&#8221;full_width_content&#8221; full_screen_row_position=&#8221;middle&#8221; column_margin=&#8221;default&#8221; bg_color=&#8221;#6b6c63&#8243; scene_position=&#8221;center&#8221; text_color=&#8221;dark&#8221; text_align=&#8221;left&#8221; overlay_strength=&#8221;0.3&#8243; shape_divider_position=&#8221;bottom&#8221; bg_image_animation=&#8221;none&#8221; shape_type=&#8221;&#8221;][vc_column centered_text=&#8221;true&#8221; column_padding=&#8221;no-extra-padding&#8221; column_padding_position=&#8221;all&#8221; background_color_opacity=&#8221;1&#8243; background_hover_color_opacity=&#8221;1&#8243; column_link_target=&#8221;_self&#8221; column_shadow=&#8221;none&#8221; column_border_radius=&#8221;none&#8221; width=&#8221;1\/2&#8243; tablet_width_inherit=&#8221;default&#8221; tablet_text_alignment=&#8221;default&#8221; phone_text_alignment=&#8221;default&#8221; overlay_strength=&#8221;0.3&#8243; column_border_width=&#8221;none&#8221; column_border_style=&#8221;solid&#8221; bg_image_animation=&#8221;none&#8221;][image_with_animation image_url=&#8221;5160&#8243; alignment=&#8221;&#8221; animation=&#8221;Fade In&#8221; hover_animation=&#8221;none&#8221; border_radius=&#8221;none&#8221; box_shadow=&#8221;none&#8221; image_loading=&#8221;default&#8221; max_width=&#8221;100%&#8221; max_width_mobile=&#8221;default&#8221;][\/vc_column][vc_column column_padding=&#8221;no-extra-padding&#8221; column_padding_position=&#8221;all&#8221; background_color_opacity=&#8221;1&#8243; background_hover_color_opacity=&#8221;1&#8243; column_link_target=&#8221;_self&#8221; column_shadow=&#8221;none&#8221; column_border_radius=&#8221;none&#8221; el_class=&#8221;cont-orange&#8221; width=&#8221;1\/2&#8243; tablet_width_inherit=&#8221;default&#8221; tablet_text_alignment=&#8221;default&#8221; phone_text_alignment=&#8221;default&#8221; overlay_strength=&#8221;0.3&#8243; column_border_width=&#8221;none&#8221; column_border_style=&#8221;solid&#8221; bg_image_animation=&#8221;none&#8221;][image_with_animation image_url=&#8221;5163&#8243; alignment=&#8221;&#8221; animation=&#8221;Fade In&#8221; hover_animation=&#8221;none&#8221; border_radius=&#8221;none&#8221; box_shadow=&#8221;none&#8221; image_loading=&#8221;default&#8221; max_width=&#8221;100%&#8221; max_width_mobile=&#8221;default&#8221;][\/vc_column][\/vc_row]\n","protected":false},"excerpt":{"rendered":"<p>[vc_row type=&#8221;full_width_content&#8221; full_screen_row_position=&#8221;middle&#8221; equal_height=&#8221;yes&#8221; content_placement=&#8221;middle&#8221; column_margin=&#8221;default&#8221; full_height=&#8221;yes&#8221; columns_placement=&#8221;stretch&#8221; bg_color=&#8221;#e7e5d8&#8243; scene_position=&#8221;center&#8221; text_color=&#8221;light&#8221; text_align=&#8221;left&#8221; overlay_strength=&#8221;0.3&#8243; shape_divider_position=&#8221;bottom&#8221; bg_image_animation=&#8221;none&#8221; shape_type=&#8221;&#8221;][vc_column column_padding=&#8221;padding-10-percent&#8221; column_padding_position=&#8221;all&#8221; background_color_opacity=&#8221;1&#8243; background_hover_color_opacity=&#8221;1&#8243; column_link_target=&#8221;_self&#8221; column_shadow=&#8221;none&#8221; column_border_radius=&#8221;none&#8221; width=&#8221;1\/2&#8243; tablet_width_inherit=&#8221;default&#8221; tablet_text_alignment=&#8221;default&#8221; phone_text_alignment=&#8221;default&#8221; overlay_strength=&#8221;0.3&#8243; column_border_width=&#8221;none&#8221; column_border_style=&#8221;solid&#8221;&#8230;<\/p>\n","protected":false},"author":1,"featured_media":0,"parent":8762,"menu_order":0,"comment_status":"closed","ping_status":"closed","template":"","meta":{"footnotes":""},"class_list":["post-8788","page","type-page","status-publish"],"yoast_head":"<!-- This site is optimized with the Yoast SEO plugin v26.3 - https:\/\/yoast.com\/wordpress\/plugins\/seo\/ -->\n<title>Ioga i massatges sota els llimoners - Can Planells<\/title>\n<meta name=\"robots\" content=\"index, follow, max-snippet:-1, max-image-preview:large, max-video-preview:-1\" \/>\n<link rel=\"canonical\" href=\"https:\/\/www.canplanells.com\/ca\/experiencies\/ioga-i-massatges-sota-els-llimoners\/\" \/>\n<meta property=\"og:locale\" content=\"ca_ES\" \/>\n<meta property=\"og:type\" content=\"article\" \/>\n<meta property=\"og:title\" content=\"Ioga i massatges sota els llimoners - Can Planells\" \/>\n<meta property=\"og:description\" content=\"[vc_row type=&#8221;full_width_content&#8221; full_screen_row_position=&#8221;middle&#8221; equal_height=&#8221;yes&#8221; content_placement=&#8221;middle&#8221; column_margin=&#8221;default&#8221; full_height=&#8221;yes&#8221; columns_placement=&#8221;stretch&#8221; bg_color=&#8221;#e7e5d8&#8243; scene_position=&#8221;center&#8221; text_color=&#8221;light&#8221; text_align=&#8221;left&#8221; overlay_strength=&#8221;0.3&#8243; shape_divider_position=&#8221;bottom&#8221; bg_image_animation=&#8221;none&#8221; shape_type=&#8221;&#8221;][vc_column column_padding=&#8221;padding-10-percent&#8221; column_padding_position=&#8221;all&#8221; background_color_opacity=&#8221;1&#8243; background_hover_color_opacity=&#8221;1&#8243; column_link_target=&#8221;_self&#8221; column_shadow=&#8221;none&#8221; column_border_radius=&#8221;none&#8221; width=&#8221;1\/2&#8243; tablet_width_inherit=&#8221;default&#8221; tablet_text_alignment=&#8221;default&#8221; phone_text_alignment=&#8221;default&#8221; overlay_strength=&#8221;0.3&#8243; column_border_width=&#8221;none&#8221; column_border_style=&#8221;solid&#8221;...\" \/>\n<meta property=\"og:url\" content=\"https:\/\/www.canplanells.com\/ca\/experiencies\/ioga-i-massatges-sota-els-llimoners\/\" \/>\n<meta property=\"og:site_name\" content=\"Can Planells\" \/>\n<meta property=\"article:publisher\" content=\"https:\/\/www.facebook.com\/canplanells\" \/>\n<meta property=\"article:modified_time\" content=\"2020-09-07T09:40:30+00:00\" \/>\n<meta name=\"twitter:card\" content=\"summary_large_image\" \/>\n<meta name=\"twitter:label1\" content=\"Temps estimat de lectura\" \/>\n\t<meta name=\"twitter:data1\" content=\"3 minuts\" \/>\n<script type=\"application\/ld+json\" class=\"yoast-schema-graph\">{\"@context\":\"https:\/\/schema.org\",\"@graph\":[{\"@type\":\"WebPage\",\"@id\":\"https:\/\/www.canplanells.com\/ca\/experiencies\/ioga-i-massatges-sota-els-llimoners\/\",\"url\":\"https:\/\/www.canplanells.com\/ca\/experiencies\/ioga-i-massatges-sota-els-llimoners\/\",\"name\":\"Ioga i massatges sota els llimoners - Can Planells\",\"isPartOf\":{\"@id\":\"https:\/\/www.canplanells.com\/ca\/#website\"},\"datePublished\":\"2020-06-10T10:50:19+00:00\",\"dateModified\":\"2020-09-07T09:40:30+00:00\",\"breadcrumb\":{\"@id\":\"https:\/\/www.canplanells.com\/ca\/experiencies\/ioga-i-massatges-sota-els-llimoners\/#breadcrumb\"},\"inLanguage\":\"ca\",\"potentialAction\":[{\"@type\":\"ReadAction\",\"target\":[\"https:\/\/www.canplanells.com\/ca\/experiencies\/ioga-i-massatges-sota-els-llimoners\/\"]}]},{\"@type\":\"BreadcrumbList\",\"@id\":\"https:\/\/www.canplanells.com\/ca\/experiencies\/ioga-i-massatges-sota-els-llimoners\/#breadcrumb\",\"itemListElement\":[{\"@type\":\"ListItem\",\"position\":1,\"name\":\"Portada\",\"item\":\"https:\/\/www.canplanells.com\/ca\/home\/\"},{\"@type\":\"ListItem\",\"position\":2,\"name\":\"Experiencies\",\"item\":\"https:\/\/www.canplanells.com\/ca\/experiencies\/\"},{\"@type\":\"ListItem\",\"position\":3,\"name\":\"Ioga i massatges sota els llimoners\"}]},{\"@type\":\"WebSite\",\"@id\":\"https:\/\/www.canplanells.com\/ca\/#website\",\"url\":\"https:\/\/www.canplanells.com\/ca\/\",\"name\":\"Can Planells\",\"description\":\"Agroturismo en Ibiza\",\"publisher\":{\"@id\":\"https:\/\/www.canplanells.com\/ca\/#organization\"},\"potentialAction\":[{\"@type\":\"SearchAction\",\"target\":{\"@type\":\"EntryPoint\",\"urlTemplate\":\"https:\/\/www.canplanells.com\/ca\/?s={search_term_string}\"},\"query-input\":{\"@type\":\"PropertyValueSpecification\",\"valueRequired\":true,\"valueName\":\"search_term_string\"}}],\"inLanguage\":\"ca\"},{\"@type\":\"Organization\",\"@id\":\"https:\/\/www.canplanells.com\/ca\/#organization\",\"name\":\"Can Planells\",\"url\":\"https:\/\/www.canplanells.com\/ca\/\",\"logo\":{\"@type\":\"ImageObject\",\"inLanguage\":\"ca\",\"@id\":\"https:\/\/www.canplanells.com\/ca\/#\/schema\/logo\/image\/\",\"url\":\"https:\/\/www.canplanells.com\/wp-content\/uploads\/2020\/04\/logo-can-planells.svg\",\"contentUrl\":\"https:\/\/www.canplanells.com\/wp-content\/uploads\/2020\/04\/logo-can-planells.svg\",\"width\":1,\"height\":1,\"caption\":\"Can Planells\"},\"image\":{\"@id\":\"https:\/\/www.canplanells.com\/ca\/#\/schema\/logo\/image\/\"},\"sameAs\":[\"https:\/\/www.facebook.com\/canplanells\",\"https:\/\/www.instagram.com\/canplanells\/\/\"]}]}<\/script>\n<!-- \/ Yoast SEO plugin. -->","yoast_head_json":{"title":"Ioga i massatges sota els llimoners - Can Planells","robots":{"index":"index","follow":"follow","max-snippet":"max-snippet:-1","max-image-preview":"max-image-preview:large","max-video-preview":"max-video-preview:-1"},"canonical":"https:\/\/www.canplanells.com\/ca\/experiencies\/ioga-i-massatges-sota-els-llimoners\/","og_locale":"ca_ES","og_type":"article","og_title":"Ioga i massatges sota els llimoners - Can Planells","og_description":"[vc_row type=&#8221;full_width_content&#8221; full_screen_row_position=&#8221;middle&#8221; equal_height=&#8221;yes&#8221; content_placement=&#8221;middle&#8221; column_margin=&#8221;default&#8221; full_height=&#8221;yes&#8221; columns_placement=&#8221;stretch&#8221; bg_color=&#8221;#e7e5d8&#8243; scene_position=&#8221;center&#8221; text_color=&#8221;light&#8221; text_align=&#8221;left&#8221; overlay_strength=&#8221;0.3&#8243; shape_divider_position=&#8221;bottom&#8221; bg_image_animation=&#8221;none&#8221; shape_type=&#8221;&#8221;][vc_column column_padding=&#8221;padding-10-percent&#8221; column_padding_position=&#8221;all&#8221; background_color_opacity=&#8221;1&#8243; background_hover_color_opacity=&#8221;1&#8243; column_link_target=&#8221;_self&#8221; column_shadow=&#8221;none&#8221; column_border_radius=&#8221;none&#8221; width=&#8221;1\/2&#8243; tablet_width_inherit=&#8221;default&#8221; tablet_text_alignment=&#8221;default&#8221; phone_text_alignment=&#8221;default&#8221; overlay_strength=&#8221;0.3&#8243; column_border_width=&#8221;none&#8221; column_border_style=&#8221;solid&#8221;...","og_url":"https:\/\/www.canplanells.com\/ca\/experiencies\/ioga-i-massatges-sota-els-llimoners\/","og_site_name":"Can Planells","article_publisher":"https:\/\/www.facebook.com\/canplanells","article_modified_time":"2020-09-07T09:40:30+00:00","twitter_card":"summary_large_image","twitter_misc":{"Temps estimat de lectura":"3 minuts"},"schema":{"@context":"https:\/\/schema.org","@graph":[{"@type":"WebPage","@id":"https:\/\/www.canplanells.com\/ca\/experiencies\/ioga-i-massatges-sota-els-llimoners\/","url":"https:\/\/www.canplanells.com\/ca\/experiencies\/ioga-i-massatges-sota-els-llimoners\/","name":"Ioga i massatges sota els llimoners - Can Planells","isPartOf":{"@id":"https:\/\/www.canplanells.com\/ca\/#website"},"datePublished":"2020-06-10T10:50:19+00:00","dateModified":"2020-09-07T09:40:30+00:00","breadcrumb":{"@id":"https:\/\/www.canplanells.com\/ca\/experiencies\/ioga-i-massatges-sota-els-llimoners\/#breadcrumb"},"inLanguage":"ca","potentialAction":[{"@type":"ReadAction","target":["https:\/\/www.canplanells.com\/ca\/experiencies\/ioga-i-massatges-sota-els-llimoners\/"]}]},{"@type":"BreadcrumbList","@id":"https:\/\/www.canplanells.com\/ca\/experiencies\/ioga-i-massatges-sota-els-llimoners\/#breadcrumb","itemListElement":[{"@type":"ListItem","position":1,"name":"Portada","item":"https:\/\/www.canplanells.com\/ca\/home\/"},{"@type":"ListItem","position":2,"name":"Experiencies","item":"https:\/\/www.canplanells.com\/ca\/experiencies\/"},{"@type":"ListItem","position":3,"name":"Ioga i massatges sota els llimoners"}]},{"@type":"WebSite","@id":"https:\/\/www.canplanells.com\/ca\/#website","url":"https:\/\/www.canplanells.com\/ca\/","name":"Can Planells","description":"Agroturismo en Ibiza","publisher":{"@id":"https:\/\/www.canplanells.com\/ca\/#organization"},"potentialAction":[{"@type":"SearchAction","target":{"@type":"EntryPoint","urlTemplate":"https:\/\/www.canplanells.com\/ca\/?s={search_term_string}"},"query-input":{"@type":"PropertyValueSpecification","valueRequired":true,"valueName":"search_term_string"}}],"inLanguage":"ca"},{"@type":"Organization","@id":"https:\/\/www.canplanells.com\/ca\/#organization","name":"Can Planells","url":"https:\/\/www.canplanells.com\/ca\/","logo":{"@type":"ImageObject","inLanguage":"ca","@id":"https:\/\/www.canplanells.com\/ca\/#\/schema\/logo\/image\/","url":"https:\/\/www.canplanells.com\/wp-content\/uploads\/2020\/04\/logo-can-planells.svg","contentUrl":"https:\/\/www.canplanells.com\/wp-content\/uploads\/2020\/04\/logo-can-planells.svg","width":1,"height":1,"caption":"Can Planells"},"image":{"@id":"https:\/\/www.canplanells.com\/ca\/#\/schema\/logo\/image\/"},"sameAs":["https:\/\/www.facebook.com\/canplanells","https:\/\/www.instagram.com\/canplanells\/\/"]}]}},"_links":{"self":[{"href":"https:\/\/www.canplanells.com\/ca\/wp-json\/wp\/v2\/pages\/8788","targetHints":{"allow":["GET"]}}],"collection":[{"href":"https:\/\/www.canplanells.com\/ca\/wp-json\/wp\/v2\/pages"}],"about":[{"href":"https:\/\/www.canplanells.com\/ca\/wp-json\/wp\/v2\/types\/page"}],"author":[{"embeddable":true,"href":"https:\/\/www.canplanells.com\/ca\/wp-json\/wp\/v2\/users\/1"}],"replies":[{"embeddable":true,"href":"https:\/\/www.canplanells.com\/ca\/wp-json\/wp\/v2\/comments?post=8788"}],"version-history":[{"count":1,"href":"https:\/\/www.canplanells.com\/ca\/wp-json\/wp\/v2\/pages\/8788\/revisions"}],"predecessor-version":[{"id":8810,"href":"https:\/\/www.canplanells.com\/ca\/wp-json\/wp\/v2\/pages\/8788\/revisions\/8810"}],"up":[{"embeddable":true,"href":"https:\/\/www.canplanells.com\/ca\/wp-json\/wp\/v2\/pages\/8762"}],"wp:attachment":[{"href":"https:\/\/www.canplanells.com\/ca\/wp-json\/wp\/v2\/media?parent=8788"}],"curies":[{"name":"wp","href":"https:\/\/api.w.org\/{rel}","templated":true}]}}