{"id":8779,"date":"2020-06-10T13:42:20","date_gmt":"2020-06-10T11:42:20","guid":{"rendered":"https:\/\/www.canplanells.com\/experiencies\/el-poblado-de-balafia\/"},"modified":"2020-09-07T11:35:56","modified_gmt":"2020-09-07T09:35:56","slug":"el-poblat-de-balafia","status":"publish","type":"page","link":"https:\/\/www.canplanells.com\/ca\/experiencies\/el-poblat-de-balafia\/","title":{"rendered":"El Poblat de Bal\u00e0fia"},"content":{"rendered":"[vc_row type=&#8221;full_width_content&#8221; full_screen_row_position=&#8221;middle&#8221; equal_height=&#8221;yes&#8221; content_placement=&#8221;middle&#8221; column_margin=&#8221;default&#8221; full_height=&#8221;yes&#8221; columns_placement=&#8221;stretch&#8221; bg_color=&#8221;#e7e5d8&#8243; scene_position=&#8221;center&#8221; text_color=&#8221;light&#8221; text_align=&#8221;left&#8221; overlay_strength=&#8221;0.3&#8243; shape_divider_position=&#8221;bottom&#8221; bg_image_animation=&#8221;none&#8221; shape_type=&#8221;&#8221;][vc_column column_padding=&#8221;padding-10-percent&#8221; column_padding_position=&#8221;all&#8221; background_color_opacity=&#8221;1&#8243; background_hover_color_opacity=&#8221;1&#8243; column_link_target=&#8221;_self&#8221; column_shadow=&#8221;none&#8221; column_border_radius=&#8221;none&#8221; width=&#8221;1\/2&#8243; tablet_width_inherit=&#8221;default&#8221; tablet_text_alignment=&#8221;default&#8221; phone_text_alignment=&#8221;default&#8221; overlay_strength=&#8221;0.3&#8243; column_border_width=&#8221;none&#8221; column_border_style=&#8221;solid&#8221; bg_image_animation=&#8221;none&#8221;][vc_custom_heading source=&#8221;post_title&#8221; font_container=&#8221;tag:h2|font_size:40|text_align:left|color:%23454545|line_height:50px&#8221; use_theme_fonts=&#8221;yes&#8221;][vc_column_text css=&#8221;.vc_custom_1599471331813{margin-top: 30px !important;margin-bottom: 30px !important;}&#8221;]L&#8217;<strong>arquitectura tradicional<\/strong> d&#8217;Eivissa constitueix un dels seus principals segells d&#8217;identitat, ja que \u00e9s \u00fanica al m\u00f3n. Antigament, els eivissencs vivien en cases solit\u00e0ries a la meitat de camp, sense conformar nuclis urbans. Una de les excepcions m\u00e9s rellevants \u00e9s el Poblat de Bal\u00e0fia, a <strong>Sant Lloren\u00e7<\/strong>, d&#8217;origen medieval. Es va crear a partir d&#8217;una vella alqueria musulmana que, amb l&#8217;arribada dels cristians, va evolucionar a un total de set cases agrupades, amb dues torres de defensa. Ja se&#8217;n tenia const\u00e0ncia documental al <strong>segle XV<\/strong>.<\/p>\n<p>Aquest conjunt monumental oferia una important<strong> defensa als seus habitants<\/strong> davant dels saquejos dels pirates barbarescos, que a partir del segle XVI es van fer m\u00e9s freq\u00fcents. Els pagesos de Bal\u00e0fia, quan intu\u00efen el perill, es refugiaven a l&#8217;interior de les torres i no sortien fins que els invasors decidien marxar o buscar objectius m\u00e9s f\u00e0cils.[\/vc_column_text][vc_column_text css=&#8221;.vc_custom_1599471352828{margin-top: 100px !important;margin-bottom: 20px !important;}&#8221;]\n<p style=\"text-align: left;\"><a href=\"https:\/\/www.canplanells.com\/ca\/experiencies\">Tornar a totes les experi\u00e8ncies<\/a><\/p>\n[\/vc_column_text][\/vc_column][vc_column column_padding=&#8221;no-extra-padding&#8221; column_padding_position=&#8221;all&#8221; background_color_opacity=&#8221;1&#8243; background_hover_color_opacity=&#8221;1&#8243; background_image=&#8221;5224&#8243; enable_bg_scale=&#8221;true&#8221; column_link_target=&#8221;_self&#8221; column_shadow=&#8221;none&#8221; column_border_radius=&#8221;none&#8221; el_class=&#8221;bexpe&#8221; width=&#8221;1\/2&#8243; tablet_width_inherit=&#8221;default&#8221; tablet_text_alignment=&#8221;default&#8221; phone_text_alignment=&#8221;default&#8221; overlay_strength=&#8221;0.3&#8243; column_border_width=&#8221;none&#8221; column_border_style=&#8221;solid&#8221; bg_image_animation=&#8221;none&#8221; enable_animation=&#8221;true&#8221; animation=&#8221;fade-in-from-left&#8221; delay=&#8221;300&#8243;][\/vc_column][\/vc_row]\n","protected":false},"excerpt":{"rendered":"<p>[vc_row type=&#8221;full_width_content&#8221; full_screen_row_position=&#8221;middle&#8221; equal_height=&#8221;yes&#8221; content_placement=&#8221;middle&#8221; column_margin=&#8221;default&#8221; full_height=&#8221;yes&#8221; columns_placement=&#8221;stretch&#8221; bg_color=&#8221;#e7e5d8&#8243; scene_position=&#8221;center&#8221; text_color=&#8221;light&#8221; text_align=&#8221;left&#8221; overlay_strength=&#8221;0.3&#8243; shape_divider_position=&#8221;bottom&#8221; bg_image_animation=&#8221;none&#8221; shape_type=&#8221;&#8221;][vc_column column_padding=&#8221;padding-10-percent&#8221; column_padding_position=&#8221;all&#8221; background_color_opacity=&#8221;1&#8243; background_hover_color_opacity=&#8221;1&#8243; column_link_target=&#8221;_self&#8221; column_shadow=&#8221;none&#8221; column_border_radius=&#8221;none&#8221; width=&#8221;1\/2&#8243; tablet_width_inherit=&#8221;default&#8221; tablet_text_alignment=&#8221;default&#8221; phone_text_alignment=&#8221;default&#8221; overlay_strength=&#8221;0.3&#8243; column_border_width=&#8221;none&#8221; column_border_style=&#8221;solid&#8221;&#8230;<\/p>\n","protected":false},"author":1,"featured_media":0,"parent":8762,"menu_order":0,"comment_status":"closed","ping_status":"closed","template":"","meta":{"footnotes":""},"class_list":["post-8779","page","type-page","status-publish"],"yoast_head":"<!-- This site is optimized with the Yoast SEO plugin v26.3 - https:\/\/yoast.com\/wordpress\/plugins\/seo\/ -->\n<title>El Poblat de Bal\u00e0fia - Can Planells<\/title>\n<meta name=\"robots\" content=\"index, follow, max-snippet:-1, max-image-preview:large, max-video-preview:-1\" \/>\n<link rel=\"canonical\" href=\"https:\/\/www.canplanells.com\/ca\/experiencies\/el-poblat-de-balafia\/\" \/>\n<meta property=\"og:locale\" content=\"ca_ES\" \/>\n<meta property=\"og:type\" content=\"article\" \/>\n<meta property=\"og:title\" content=\"El Poblat de Bal\u00e0fia - Can Planells\" \/>\n<meta property=\"og:description\" content=\"[vc_row type=&#8221;full_width_content&#8221; full_screen_row_position=&#8221;middle&#8221; equal_height=&#8221;yes&#8221; content_placement=&#8221;middle&#8221; column_margin=&#8221;default&#8221; full_height=&#8221;yes&#8221; columns_placement=&#8221;stretch&#8221; bg_color=&#8221;#e7e5d8&#8243; scene_position=&#8221;center&#8221; text_color=&#8221;light&#8221; text_align=&#8221;left&#8221; overlay_strength=&#8221;0.3&#8243; shape_divider_position=&#8221;bottom&#8221; bg_image_animation=&#8221;none&#8221; shape_type=&#8221;&#8221;][vc_column column_padding=&#8221;padding-10-percent&#8221; column_padding_position=&#8221;all&#8221; background_color_opacity=&#8221;1&#8243; background_hover_color_opacity=&#8221;1&#8243; column_link_target=&#8221;_self&#8221; column_shadow=&#8221;none&#8221; column_border_radius=&#8221;none&#8221; width=&#8221;1\/2&#8243; tablet_width_inherit=&#8221;default&#8221; tablet_text_alignment=&#8221;default&#8221; phone_text_alignment=&#8221;default&#8221; overlay_strength=&#8221;0.3&#8243; column_border_width=&#8221;none&#8221; column_border_style=&#8221;solid&#8221;...\" \/>\n<meta property=\"og:url\" content=\"https:\/\/www.canplanells.com\/ca\/experiencies\/el-poblat-de-balafia\/\" \/>\n<meta property=\"og:site_name\" content=\"Can Planells\" \/>\n<meta property=\"article:publisher\" content=\"https:\/\/www.facebook.com\/canplanells\" \/>\n<meta property=\"article:modified_time\" content=\"2020-09-07T09:35:56+00:00\" \/>\n<meta name=\"twitter:card\" content=\"summary_large_image\" \/>\n<meta name=\"twitter:label1\" content=\"Temps estimat de lectura\" \/>\n\t<meta name=\"twitter:data1\" content=\"2 minuts\" \/>\n<script type=\"application\/ld+json\" class=\"yoast-schema-graph\">{\"@context\":\"https:\/\/schema.org\",\"@graph\":[{\"@type\":\"WebPage\",\"@id\":\"https:\/\/www.canplanells.com\/ca\/experiencies\/el-poblat-de-balafia\/\",\"url\":\"https:\/\/www.canplanells.com\/ca\/experiencies\/el-poblat-de-balafia\/\",\"name\":\"El Poblat de Bal\u00e0fia - Can Planells\",\"isPartOf\":{\"@id\":\"https:\/\/www.canplanells.com\/ca\/#website\"},\"datePublished\":\"2020-06-10T11:42:20+00:00\",\"dateModified\":\"2020-09-07T09:35:56+00:00\",\"breadcrumb\":{\"@id\":\"https:\/\/www.canplanells.com\/ca\/experiencies\/el-poblat-de-balafia\/#breadcrumb\"},\"inLanguage\":\"ca\",\"potentialAction\":[{\"@type\":\"ReadAction\",\"target\":[\"https:\/\/www.canplanells.com\/ca\/experiencies\/el-poblat-de-balafia\/\"]}]},{\"@type\":\"BreadcrumbList\",\"@id\":\"https:\/\/www.canplanells.com\/ca\/experiencies\/el-poblat-de-balafia\/#breadcrumb\",\"itemListElement\":[{\"@type\":\"ListItem\",\"position\":1,\"name\":\"Portada\",\"item\":\"https:\/\/www.canplanells.com\/ca\/home\/\"},{\"@type\":\"ListItem\",\"position\":2,\"name\":\"Experiencies\",\"item\":\"https:\/\/www.canplanells.com\/ca\/experiencies\/\"},{\"@type\":\"ListItem\",\"position\":3,\"name\":\"El Poblat de Bal\u00e0fia\"}]},{\"@type\":\"WebSite\",\"@id\":\"https:\/\/www.canplanells.com\/ca\/#website\",\"url\":\"https:\/\/www.canplanells.com\/ca\/\",\"name\":\"Can Planells\",\"description\":\"Agroturismo en Ibiza\",\"publisher\":{\"@id\":\"https:\/\/www.canplanells.com\/ca\/#organization\"},\"potentialAction\":[{\"@type\":\"SearchAction\",\"target\":{\"@type\":\"EntryPoint\",\"urlTemplate\":\"https:\/\/www.canplanells.com\/ca\/?s={search_term_string}\"},\"query-input\":{\"@type\":\"PropertyValueSpecification\",\"valueRequired\":true,\"valueName\":\"search_term_string\"}}],\"inLanguage\":\"ca\"},{\"@type\":\"Organization\",\"@id\":\"https:\/\/www.canplanells.com\/ca\/#organization\",\"name\":\"Can Planells\",\"url\":\"https:\/\/www.canplanells.com\/ca\/\",\"logo\":{\"@type\":\"ImageObject\",\"inLanguage\":\"ca\",\"@id\":\"https:\/\/www.canplanells.com\/ca\/#\/schema\/logo\/image\/\",\"url\":\"https:\/\/www.canplanells.com\/wp-content\/uploads\/2020\/04\/logo-can-planells.svg\",\"contentUrl\":\"https:\/\/www.canplanells.com\/wp-content\/uploads\/2020\/04\/logo-can-planells.svg\",\"width\":1,\"height\":1,\"caption\":\"Can Planells\"},\"image\":{\"@id\":\"https:\/\/www.canplanells.com\/ca\/#\/schema\/logo\/image\/\"},\"sameAs\":[\"https:\/\/www.facebook.com\/canplanells\",\"https:\/\/www.instagram.com\/canplanells\/\/\"]}]}<\/script>\n<!-- \/ Yoast SEO plugin. -->","yoast_head_json":{"title":"El Poblat de Bal\u00e0fia - Can Planells","robots":{"index":"index","follow":"follow","max-snippet":"max-snippet:-1","max-image-preview":"max-image-preview:large","max-video-preview":"max-video-preview:-1"},"canonical":"https:\/\/www.canplanells.com\/ca\/experiencies\/el-poblat-de-balafia\/","og_locale":"ca_ES","og_type":"article","og_title":"El Poblat de Bal\u00e0fia - Can Planells","og_description":"[vc_row type=&#8221;full_width_content&#8221; full_screen_row_position=&#8221;middle&#8221; equal_height=&#8221;yes&#8221; content_placement=&#8221;middle&#8221; column_margin=&#8221;default&#8221; full_height=&#8221;yes&#8221; columns_placement=&#8221;stretch&#8221; bg_color=&#8221;#e7e5d8&#8243; scene_position=&#8221;center&#8221; text_color=&#8221;light&#8221; text_align=&#8221;left&#8221; overlay_strength=&#8221;0.3&#8243; shape_divider_position=&#8221;bottom&#8221; bg_image_animation=&#8221;none&#8221; shape_type=&#8221;&#8221;][vc_column column_padding=&#8221;padding-10-percent&#8221; column_padding_position=&#8221;all&#8221; background_color_opacity=&#8221;1&#8243; background_hover_color_opacity=&#8221;1&#8243; column_link_target=&#8221;_self&#8221; column_shadow=&#8221;none&#8221; column_border_radius=&#8221;none&#8221; width=&#8221;1\/2&#8243; tablet_width_inherit=&#8221;default&#8221; tablet_text_alignment=&#8221;default&#8221; phone_text_alignment=&#8221;default&#8221; overlay_strength=&#8221;0.3&#8243; column_border_width=&#8221;none&#8221; column_border_style=&#8221;solid&#8221;...","og_url":"https:\/\/www.canplanells.com\/ca\/experiencies\/el-poblat-de-balafia\/","og_site_name":"Can Planells","article_publisher":"https:\/\/www.facebook.com\/canplanells","article_modified_time":"2020-09-07T09:35:56+00:00","twitter_card":"summary_large_image","twitter_misc":{"Temps estimat de lectura":"2 minuts"},"schema":{"@context":"https:\/\/schema.org","@graph":[{"@type":"WebPage","@id":"https:\/\/www.canplanells.com\/ca\/experiencies\/el-poblat-de-balafia\/","url":"https:\/\/www.canplanells.com\/ca\/experiencies\/el-poblat-de-balafia\/","name":"El Poblat de Bal\u00e0fia - Can Planells","isPartOf":{"@id":"https:\/\/www.canplanells.com\/ca\/#website"},"datePublished":"2020-06-10T11:42:20+00:00","dateModified":"2020-09-07T09:35:56+00:00","breadcrumb":{"@id":"https:\/\/www.canplanells.com\/ca\/experiencies\/el-poblat-de-balafia\/#breadcrumb"},"inLanguage":"ca","potentialAction":[{"@type":"ReadAction","target":["https:\/\/www.canplanells.com\/ca\/experiencies\/el-poblat-de-balafia\/"]}]},{"@type":"BreadcrumbList","@id":"https:\/\/www.canplanells.com\/ca\/experiencies\/el-poblat-de-balafia\/#breadcrumb","itemListElement":[{"@type":"ListItem","position":1,"name":"Portada","item":"https:\/\/www.canplanells.com\/ca\/home\/"},{"@type":"ListItem","position":2,"name":"Experiencies","item":"https:\/\/www.canplanells.com\/ca\/experiencies\/"},{"@type":"ListItem","position":3,"name":"El Poblat de Bal\u00e0fia"}]},{"@type":"WebSite","@id":"https:\/\/www.canplanells.com\/ca\/#website","url":"https:\/\/www.canplanells.com\/ca\/","name":"Can Planells","description":"Agroturismo en Ibiza","publisher":{"@id":"https:\/\/www.canplanells.com\/ca\/#organization"},"potentialAction":[{"@type":"SearchAction","target":{"@type":"EntryPoint","urlTemplate":"https:\/\/www.canplanells.com\/ca\/?s={search_term_string}"},"query-input":{"@type":"PropertyValueSpecification","valueRequired":true,"valueName":"search_term_string"}}],"inLanguage":"ca"},{"@type":"Organization","@id":"https:\/\/www.canplanells.com\/ca\/#organization","name":"Can Planells","url":"https:\/\/www.canplanells.com\/ca\/","logo":{"@type":"ImageObject","inLanguage":"ca","@id":"https:\/\/www.canplanells.com\/ca\/#\/schema\/logo\/image\/","url":"https:\/\/www.canplanells.com\/wp-content\/uploads\/2020\/04\/logo-can-planells.svg","contentUrl":"https:\/\/www.canplanells.com\/wp-content\/uploads\/2020\/04\/logo-can-planells.svg","width":1,"height":1,"caption":"Can Planells"},"image":{"@id":"https:\/\/www.canplanells.com\/ca\/#\/schema\/logo\/image\/"},"sameAs":["https:\/\/www.facebook.com\/canplanells","https:\/\/www.instagram.com\/canplanells\/\/"]}]}},"_links":{"self":[{"href":"https:\/\/www.canplanells.com\/ca\/wp-json\/wp\/v2\/pages\/8779","targetHints":{"allow":["GET"]}}],"collection":[{"href":"https:\/\/www.canplanells.com\/ca\/wp-json\/wp\/v2\/pages"}],"about":[{"href":"https:\/\/www.canplanells.com\/ca\/wp-json\/wp\/v2\/types\/page"}],"author":[{"embeddable":true,"href":"https:\/\/www.canplanells.com\/ca\/wp-json\/wp\/v2\/users\/1"}],"replies":[{"embeddable":true,"href":"https:\/\/www.canplanells.com\/ca\/wp-json\/wp\/v2\/comments?post=8779"}],"version-history":[{"count":2,"href":"https:\/\/www.canplanells.com\/ca\/wp-json\/wp\/v2\/pages\/8779\/revisions"}],"predecessor-version":[{"id":8797,"href":"https:\/\/www.canplanells.com\/ca\/wp-json\/wp\/v2\/pages\/8779\/revisions\/8797"}],"up":[{"embeddable":true,"href":"https:\/\/www.canplanells.com\/ca\/wp-json\/wp\/v2\/pages\/8762"}],"wp:attachment":[{"href":"https:\/\/www.canplanells.com\/ca\/wp-json\/wp\/v2\/media?parent=8779"}],"curies":[{"name":"wp","href":"https:\/\/api.w.org\/{rel}","templated":true}]}}